{"id":72,"date":"2025-10-09T12:34:19","date_gmt":"2025-10-09T16:34:19","guid":{"rendered":"https:\/\/havenwoodottawa.ca\/?page_id=72"},"modified":"2025-10-16T16:23:29","modified_gmt":"2025-10-16T20:23:29","slug":"plans","status":"publish","type":"page","link":"https:\/\/havenwoodottawa.ca\/fr\/plans\/","title":{"rendered":"Plans d\u2019unit\u00e9s et d\u2019\u00e9tages"},"content":{"rendered":"\t\t<div data-elementor-type=\"wp-page\" data-elementor-id=\"72\" class=\"elementor elementor-72\" data-elementor-post-type=\"page\">\n\t\t\t\t<div class=\"elementor-element elementor-element-0eaff17 e-flex e-con-boxed e-con e-parent\" data-id=\"0eaff17\" data-element_type=\"container\" data-e-type=\"container\" data-settings=\"{&quot;background_background&quot;:&quot;classic&quot;}\">\n\t\t\t\t\t<div class=\"e-con-inner\">\n\t\t<div class=\"elementor-element elementor-element-6c03b8e e-con-full e-flex e-con e-child\" data-id=\"6c03b8e\" data-element_type=\"container\" data-e-type=\"container\">\n\t\t\t\t<div class=\"elementor-element elementor-element-fabe1a4 elementor-invisible elementor-widget elementor-widget-heading\" data-id=\"fabe1a4\" data-element_type=\"widget\" data-e-type=\"widget\" data-settings=\"{&quot;_animation&quot;:&quot;fadeIn&quot;}\" data-widget_type=\"heading.default\">\n\t\t\t\t\t<h2 class=\"elementor-heading-title elementor-size-default\">Plans d\u2019unit\u00e9s et d\u2019\u00e9tages<\/h2>\t\t\t\t<\/div>\n\t\t\t\t<div class=\"elementor-element elementor-element-99d24cd elementor-icon-list--layout-inline elementor-align-center elementor-list-item-link-full_width elementor-invisible elementor-widget elementor-widget-icon-list\" data-id=\"99d24cd\" data-element_type=\"widget\" data-e-type=\"widget\" data-settings=\"{&quot;_animation&quot;:&quot;fadeIn&quot;,&quot;_animation_delay&quot;:200}\" data-widget_type=\"icon-list.default\">\n\t\t\t\t\t\t\t<ul class=\"elementor-icon-list-items elementor-inline-items\">\n\t\t\t\t\t\t\t<li class=\"elementor-icon-list-item elementor-inline-item\">\n\t\t\t\t\t\t\t\t\t\t\t<a href=\"https:\/\/havenwoodottawa.ca\/fr\/\">\n\n\t\t\t\t\t\t\t\t\t\t\t<span class=\"elementor-icon-list-text\">Accueil<\/span>\n\t\t\t\t\t\t\t\t\t\t\t<\/a>\n\t\t\t\t\t\t\t\t\t<\/li>\n\t\t\t\t\t\t\t\t<li class=\"elementor-icon-list-item elementor-inline-item\">\n\t\t\t\t\t\t\t\t\t\t\t<span class=\"elementor-icon-list-icon\">\n\t\t\t\t\t\t\t<i aria-hidden=\"true\" class=\"icon icon-right-arrow\"><\/i>\t\t\t\t\t\t<\/span>\n\t\t\t\t\t\t\t\t\t\t<span class=\"elementor-icon-list-text\">Plans d\u2019unit\u00e9s et d\u2019\u00e9tages<\/span>\n\t\t\t\t\t\t\t\t\t<\/li>\n\t\t\t\t\t\t<\/ul>\n\t\t\t\t\t\t<\/div>\n\t\t\t\t<\/div>\n\t\t\t\t\t<\/div>\n\t\t\t\t<\/div>\n\t\t<div class=\"elementor-element elementor-element-d9a9da4 e-con-full e-flex e-con e-parent\" data-id=\"d9a9da4\" data-element_type=\"container\" data-e-type=\"container\" data-settings=\"{&quot;background_background&quot;:&quot;classic&quot;,&quot;background_motion_fx_motion_fx_scrolling&quot;:&quot;yes&quot;,&quot;background_motion_fx_translateX_effect&quot;:&quot;yes&quot;,&quot;background_motion_fx_motion_fx_mouse&quot;:&quot;yes&quot;,&quot;background_motion_fx_translateX_speed&quot;:{&quot;unit&quot;:&quot;px&quot;,&quot;size&quot;:4,&quot;sizes&quot;:[]},&quot;background_motion_fx_translateX_affectedRange&quot;:{&quot;unit&quot;:&quot;%&quot;,&quot;size&quot;:&quot;&quot;,&quot;sizes&quot;:{&quot;start&quot;:0,&quot;end&quot;:100}},&quot;background_motion_fx_devices&quot;:[&quot;desktop&quot;,&quot;tablet&quot;,&quot;mobile&quot;]}\">\n\t\t<div class=\"elementor-element elementor-element-012a33f e-flex e-con-boxed e-con e-child\" data-id=\"012a33f\" data-element_type=\"container\" data-e-type=\"container\">\n\t\t\t\t\t<div class=\"e-con-inner\">\n\t\t<div class=\"elementor-element elementor-element-7d894f9 e-con-full e-flex e-con e-child\" data-id=\"7d894f9\" data-element_type=\"container\" data-e-type=\"container\">\n\t\t\t\t<div class=\"elementor-element elementor-element-086e74e elementor-align-left elementor-invisible elementor-widget elementor-widget-button\" data-id=\"086e74e\" data-element_type=\"widget\" data-e-type=\"widget\" data-settings=\"{&quot;_animation&quot;:&quot;fadeIn&quot;}\" data-widget_type=\"button.default\">\n\t\t\t\t\t\t\t\t\t\t<a class=\"elementor-button elementor-size-sm\" role=\"button\">\n\t\t\t\t\t\t<span class=\"elementor-button-content-wrapper\">\n\t\t\t\t\t\t\t\t\t<span class=\"elementor-button-text\">Nos mod\u00e8les<\/span>\n\t\t\t\t\t<\/span>\n\t\t\t\t\t<\/a>\n\t\t\t\t\t\t\t\t<\/div>\n\t\t\t\t<div class=\"elementor-element elementor-element-ef241d3 elementor-invisible elementor-widget elementor-widget-heading\" data-id=\"ef241d3\" data-element_type=\"widget\" data-e-type=\"widget\" data-settings=\"{&quot;_animation&quot;:&quot;fadeIn&quot;,&quot;_animation_delay&quot;:200}\" data-widget_type=\"heading.default\">\n\t\t\t\t\t<h2 class=\"elementor-heading-title elementor-size-default\">Trouver la demeure id\u00e9ale n\u2019a jamais \u00e9t\u00e9 aussi simple et \u00e9l\u00e9gant<\/h2>\t\t\t\t<\/div>\n\t\t\t\t<div class=\"elementor-element elementor-element-762da32 elementor-invisible elementor-widget elementor-widget-text-editor\" data-id=\"762da32\" data-element_type=\"widget\" data-e-type=\"widget\" data-settings=\"{&quot;_animation&quot;:&quot;fadeIn&quot;,&quot;_animation_delay&quot;:400}\" data-widget_type=\"text-editor.default\">\n\t\t\t\t\t\t\t\t\t<p><span style=\"font-weight: 400;\">Chez Havenwood, d\u00e9couvrez une s\u00e9lection exclusive de mod\u00e8les adapt\u00e9s \u00e0 tous les styles de vie. Que vous aspiriez \u00e0 une r\u00e9sidence de prestige en \u00e9tage sup\u00e9rieur ou \u00e0 un espace de vie raffin\u00e9 au rez-de-chauss\u00e9e, chaque unit\u00e9 est con\u00e7ue pour r\u00e9pondre \u00e0 vos attentes les plus \u00e9lev\u00e9es. Survolez l\u2019image ci-dessous pour explorer nos plans et configurations.<\/span><\/p>\t\t\t\t\t\t\t\t<\/div>\n\t\t\t\t<\/div>\n\t\t\t\t\t<\/div>\n\t\t\t\t<\/div>\n\t\t\t\t<div class=\"elementor-element elementor-element-fb0f476 elementor-widget elementor-widget-image\" data-id=\"fb0f476\" data-element_type=\"widget\" data-e-type=\"widget\" data-widget_type=\"image.default\">\n\t\t\t\t\t\t\t\t\t\t\t\t\t\t\t<img alt=\"\" fetchpriority=\"high\" decoding=\"async\" width=\"2560\" height=\"1103\" src=\"https:\/\/havenwoodottawa.ca\/wp-content\/uploads\/2025\/10\/havenwood_dollhouse.png\" class=\"attachment-full size-full wp-image-424\" alt=\"\" srcset=\"https:\/\/havenwoodottawa.ca\/wp-content\/uploads\/2025\/10\/havenwood_dollhouse.png 2560w, https:\/\/havenwoodottawa.ca\/wp-content\/uploads\/2025\/10\/havenwood_dollhouse-300x129.png 300w, https:\/\/havenwoodottawa.ca\/wp-content\/uploads\/2025\/10\/havenwood_dollhouse-1024x441.png 1024w, https:\/\/havenwoodottawa.ca\/wp-content\/uploads\/2025\/10\/havenwood_dollhouse-768x331.png 768w, https:\/\/havenwoodottawa.ca\/wp-content\/uploads\/2025\/10\/havenwood_dollhouse-1536x662.png 1536w, https:\/\/havenwoodottawa.ca\/wp-content\/uploads\/2025\/10\/havenwood_dollhouse-2048x882.png 2048w\" sizes=\"(max-width: 2560px) 100vw, 2560px\" \/>\t\t\t\t\t\t\t\t\t\t\t\t\t\t\t<\/div>\n\t\t\t\t<\/div>\n\t\t<div class=\"elementor-element elementor-element-a1c2cc7 e-con-full e-flex e-con e-child\" data-id=\"a1c2cc7\" data-element_type=\"container\" data-e-type=\"container\">\n\t\t\t\t<div class=\"elementor-element elementor-element-24d649f elementor-widget__width-inherit elementor-widget elementor-widget-html\" data-id=\"24d649f\" data-element_type=\"widget\" data-e-type=\"widget\" data-widget_type=\"html.default\">\n\t\t\t\t\t<div id='planpoint-container' style=\"position: relative; overflow: hidden; width: 100%; height: 100vh; transition: all 0.2s ease\"> <iframe id='planpoint' frameBorder='0' allowFullScreen style=\"position: relative; top: 0; left: 0; bottom: 0; right: 0; width: 100%; min-height: 100vh;\" src=\"https:\/\/app.planpoint.io\/g\/havenwood\/Havenwood-Townhomes?lang=en\"> <\/iframe> <\/div> <script> (() => { if(typeof window !== 'undefined' && document !== 'undefined'){ let iframe; let enableResize = true; var onFullscreen = false; const interval = setInterval(() => { iframe = document.getElementById('planpoint'); if(iframe){ clearInterval(interval); function adjustSizeToContent () { let iframeWindow = iframe.contentWindow; if(iframeWindow && enableResize){ iframeWindow.postMessage('get_size', '*'); }; }; var intervalWindow = setInterval(adjustSizeToContent, 1000); function openFullscreen() { const element = document.querySelector('#planpoint-container'); if (element.requestFullscreen) { element.requestFullscreen(); } else if (element.mozRequestFullscreen) { element.mozRequestFullscreen(); } else if (element.webkitRequestFullscreen) { element.webkitRequestFullscreen(); } else if (element.msRequestFullscreen) { element.msRequestFullscreen(); } } function closeFullscreen() { if (document.fullscreenElement || document.webkitFullscreenElement || document.mozFullScreenElement || document.msFullscreenElement) { if (document.exitFullscreen) { document.exitFullscreen(); } else if (document.mozCancelFullscreen) { document.mozCancelFullscreen(); } else if (document.webkitExitFullscreen) { document.webkitExitFullscreen(); } else if (document.msExitFullscreen) { document.msExitFullscreen(); } } } function fullscreenHandler (e) { onFullscreen = !onFullscreen; if (!onFullscreen) { iframe.contentWindow.postMessage({ type: 'close-fs'}, '*'); const iframeContainer = document.getElementById('planpoint-container'); setTimeout(() => { iframeContainer.scrollIntoView(); document.documentElement.style.overflow = 'auto'; iframeContainer.style.position ='relative'; iframeContainer.style.top = 'auto'; iframeContainer.style.left = 'auto'; iframeContainer.style.zIndex = 'auto'; enableResize = true; }, 500); } else { const iframeContainer = document.getElementById('planpoint-container'); document.documentElement.scrollTop = 0; document.documentElement.style.overflow = 'hidden'; iframeContainer.style.position ='fixed'; iframeContainer.style.top = '0'; iframeContainer.style.left = '0'; iframeContainer.style.height = '100vh'; iframeContainer.style.width = '100%'; iframeContainer.style.zIndex = '1000000000000000000000000'; iframe.style.height = '100vh'; iframe.style.width = '100%'; enableResize = false; } } window.addEventListener('message', (event) => { if(event.data.type === 'fullscreen'){ if(event.data.active){ openFullscreen(); }else{ closeFullscreen(); }; return; }else if (event.data.type === 'resize'){ const {h, w} = event.data; const iframeContainer = document.getElementById('planpoint-container'); iframe.style.height = String(Math.max(window.innerHeight, h)) + 'px'; iframeContainer.style.height = String(h) + 'px'; }else{ if(typeof event.data === 'string'){ const [intendedHeight, intendedWidth] = event.data.split('x'); const h = parseInt(intendedHeight); const w = parseInt(intendedWidth); const iframeContainer = document.getElementById('planpoint-container'); iframe.style.height = String(Math.max(window.innerHeight, h)) + 'px'; iframeContainer.style.height = String(h) + 'px'; }; }; }); document.addEventListener('click', function(event) { const eventData = { type: event.type, }; iframe.contentWindow.postMessage({ type: 'click', data: eventData }, '*'); }); document.addEventListener('scroll', function(event) { const pageY = window.pageYOffset || document.documentElement.scrollTop; const iframeContainer = document.getElementById('planpoint-container'); const eventData = { type: event.type, pageY, iframeY: iframeContainer.offsetTop, iframeHeight: iframe.scrollHeight }; iframe.contentWindow.postMessage(eventData , '*'); }); document.addEventListener('fullscreenchange', fullscreenHandler); document.addEventListener('webkitfullscreenchange', fullscreenHandler); document.addEventListener('mozfullscreenchange', fullscreenHandler); document.addEventListener('MSFullscreenChange', fullscreenHandler); }; }, 1000); }; })(); <\/script>\t\t\t\t<\/div>\n\t\t\t\t<\/div>\n\t\t\t\t<\/div>\n\t\t","protected":false},"excerpt":{"rendered":"<p>Accueil Nos mod\u00e8les Trouver la demeure id\u00e9ale n\u2019a jamais \u00e9t\u00e9 aussi simple et \u00e9l\u00e9gant Chez Havenwood, d\u00e9couvrez une s\u00e9lection exclusive de mod\u00e8les adapt\u00e9s \u00e0 tous les styles de vie. Que vous aspiriez \u00e0 une r\u00e9sidence de prestige en \u00e9tage sup\u00e9rieur ou \u00e0 un espace de vie raffin\u00e9 au rez-de-chauss\u00e9e, chaque unit\u00e9 est con\u00e7ue pour r\u00e9pondre [&hellip;]<\/p>\n","protected":false},"author":1,"featured_media":0,"parent":0,"menu_order":0,"comment_status":"closed","ping_status":"closed","template":"","meta":{"_seopress_robots_primary_cat":"","_seopress_titles_title":"Plans d\u2019unit\u00e9s Havenwood \u2013 Choisissez votre mod\u00e8le","_seopress_titles_desc":"Explorez les plans de nos maisons de ville \u00e0 louer \u00e0 Barrhaven. Niveau sup\u00e9rieur ou inf\u00e9rieur, trouvez l\u2019unit\u00e9 id\u00e9ale.","_seopress_robots_index":"","footnotes":""},"class_list":["post-72","page","type-page","status-publish","hentry"],"_links":{"self":[{"href":"https:\/\/havenwoodottawa.ca\/fr\/wp-json\/wp\/v2\/pages\/72","targetHints":{"allow":["GET"]}}],"collection":[{"href":"https:\/\/havenwoodottawa.ca\/fr\/wp-json\/wp\/v2\/pages"}],"about":[{"href":"https:\/\/havenwoodottawa.ca\/fr\/wp-json\/wp\/v2\/types\/page"}],"author":[{"embeddable":true,"href":"https:\/\/havenwoodottawa.ca\/fr\/wp-json\/wp\/v2\/users\/1"}],"replies":[{"embeddable":true,"href":"https:\/\/havenwoodottawa.ca\/fr\/wp-json\/wp\/v2\/comments?post=72"}],"version-history":[{"count":1,"href":"https:\/\/havenwoodottawa.ca\/fr\/wp-json\/wp\/v2\/pages\/72\/revisions"}],"predecessor-version":[{"id":1041,"href":"https:\/\/havenwoodottawa.ca\/fr\/wp-json\/wp\/v2\/pages\/72\/revisions\/1041"}],"wp:attachment":[{"href":"https:\/\/havenwoodottawa.ca\/fr\/wp-json\/wp\/v2\/media?parent=72"}],"curies":[{"name":"wp","href":"https:\/\/api.w.org\/{rel}","templated":true}]}}