{"id":74,"date":"2025-10-09T12:34:29","date_gmt":"2025-10-09T16:34:29","guid":{"rendered":"https:\/\/havenwoodottawa.ca\/?page_id=74"},"modified":"2025-10-16T16:25:34","modified_gmt":"2025-10-16T20:25:34","slug":"interieur","status":"publish","type":"page","link":"https:\/\/havenwoodottawa.ca\/fr\/interieur\/","title":{"rendered":"Finitions int\u00e9rieures &#038; palettes de couleurs"},"content":{"rendered":"\t\t<div data-elementor-type=\"wp-page\" data-elementor-id=\"74\" class=\"elementor elementor-74\" data-elementor-post-type=\"page\">\n\t\t\t\t<div class=\"elementor-element elementor-element-6b96619 e-flex e-con-boxed e-con e-parent\" data-id=\"6b96619\" data-element_type=\"container\" data-e-type=\"container\" data-settings=\"{&quot;background_background&quot;:&quot;classic&quot;}\">\n\t\t\t\t\t<div class=\"e-con-inner\">\n\t\t<div class=\"elementor-element elementor-element-47428c7 e-con-full e-flex e-con e-child\" data-id=\"47428c7\" data-element_type=\"container\" data-e-type=\"container\">\n\t\t\t\t<div class=\"elementor-element elementor-element-eef58f8 elementor-invisible elementor-widget elementor-widget-heading\" data-id=\"eef58f8\" data-element_type=\"widget\" data-e-type=\"widget\" data-settings=\"{&quot;_animation&quot;:&quot;fadeIn&quot;}\" data-widget_type=\"heading.default\">\n\t\t\t\t\t<h2 class=\"elementor-heading-title elementor-size-default\">Finitions int\u00e9rieures &#038; palettes de couleurs<\/h2>\t\t\t\t<\/div>\n\t\t\t\t<div class=\"elementor-element elementor-element-2b048d0 elementor-icon-list--layout-inline elementor-align-center elementor-list-item-link-full_width elementor-invisible elementor-widget elementor-widget-icon-list\" data-id=\"2b048d0\" data-element_type=\"widget\" data-e-type=\"widget\" data-settings=\"{&quot;_animation&quot;:&quot;fadeIn&quot;,&quot;_animation_delay&quot;:200}\" data-widget_type=\"icon-list.default\">\n\t\t\t\t\t\t\t<ul class=\"elementor-icon-list-items elementor-inline-items\">\n\t\t\t\t\t\t\t<li class=\"elementor-icon-list-item elementor-inline-item\">\n\t\t\t\t\t\t\t\t\t\t\t<a href=\"https:\/\/havenwoodottawa.ca\/fr\/\">\n\n\t\t\t\t\t\t\t\t\t\t\t<span class=\"elementor-icon-list-text\">Accueil<\/span>\n\t\t\t\t\t\t\t\t\t\t\t<\/a>\n\t\t\t\t\t\t\t\t\t<\/li>\n\t\t\t\t\t\t\t\t<li class=\"elementor-icon-list-item elementor-inline-item\">\n\t\t\t\t\t\t\t\t\t\t\t<span class=\"elementor-icon-list-icon\">\n\t\t\t\t\t\t\t<i aria-hidden=\"true\" class=\"icon icon-right-arrow\"><\/i>\t\t\t\t\t\t<\/span>\n\t\t\t\t\t\t\t\t\t\t<span class=\"elementor-icon-list-text\">Finitions int\u00e9rieures &#038; palettes de couleurs<\/span>\n\t\t\t\t\t\t\t\t\t<\/li>\n\t\t\t\t\t\t<\/ul>\n\t\t\t\t\t\t<\/div>\n\t\t\t\t<\/div>\n\t\t\t\t\t<\/div>\n\t\t\t\t<\/div>\n\t\t<div class=\"elementor-element elementor-element-35efaaf e-con-full e-flex e-con e-parent\" data-id=\"35efaaf\" data-element_type=\"container\" data-e-type=\"container\" data-settings=\"{&quot;background_background&quot;:&quot;classic&quot;}\">\n\t\t<div class=\"elementor-element elementor-element-66e8652 e-flex e-con-boxed e-con e-child\" data-id=\"66e8652\" data-element_type=\"container\" data-e-type=\"container\">\n\t\t\t\t\t<div class=\"e-con-inner\">\n\t\t\t\t<div class=\"elementor-element elementor-element-6afbce7 elementor-align-center elementor-invisible elementor-widget elementor-widget-button\" data-id=\"6afbce7\" data-element_type=\"widget\" data-e-type=\"widget\" data-settings=\"{&quot;_animation&quot;:&quot;fadeIn&quot;}\" data-widget_type=\"button.default\">\n\t\t\t\t\t\t\t\t\t\t<a class=\"elementor-button elementor-size-sm\" role=\"button\">\n\t\t\t\t\t\t<span class=\"elementor-button-content-wrapper\">\n\t\t\t\t\t\t\t\t\t<span class=\"elementor-button-text\">Forfaits<\/span>\n\t\t\t\t\t<\/span>\n\t\t\t\t\t<\/a>\n\t\t\t\t\t\t\t\t<\/div>\n\t\t\t\t<div class=\"elementor-element elementor-element-9a7e3d2 elementor-widget__width-initial elementor-invisible elementor-widget elementor-widget-heading\" data-id=\"9a7e3d2\" data-element_type=\"widget\" data-e-type=\"widget\" data-settings=\"{&quot;_animation&quot;:&quot;fadeIn&quot;,&quot;_animation_delay&quot;:200}\" data-widget_type=\"heading.default\">\n\t\t\t\t\t<h2 class=\"elementor-heading-title elementor-size-default\">Nos deux options<\/h2>\t\t\t\t<\/div>\n\t\t\t\t<div class=\"elementor-element elementor-element-f819ba1 elementor-widget__width-inherit elementor-invisible elementor-widget elementor-widget-text-editor\" data-id=\"f819ba1\" data-element_type=\"widget\" data-e-type=\"widget\" data-settings=\"{&quot;_animation&quot;:&quot;fadeIn&quot;,&quot;_animation_delay&quot;:400}\" data-widget_type=\"text-editor.default\">\n\t\t\t\t\t\t\t\t\t<span style=\"font-weight: 400;\">Vous avez le choix entre deux palettes exclusives con\u00e7ues pour un style de vie moderne et sophistiqu\u00e9 :<\/span>\t\t\t\t\t\t\t\t<\/div>\n\t\t<div class=\"elementor-element elementor-element-93e5427 e-grid e-con-full e-con e-child\" data-id=\"93e5427\" data-element_type=\"container\" data-e-type=\"container\">\n\t\t<div class=\"elementor-element elementor-element-6fe8a9b e-con-full e-flex elementor-invisible e-con e-child\" data-id=\"6fe8a9b\" data-element_type=\"container\" data-e-type=\"container\" data-settings=\"{&quot;animation&quot;:&quot;fadeIn&quot;,&quot;animation_delay&quot;:400,&quot;background_background&quot;:&quot;classic&quot;}\">\n\t\t<div class=\"elementor-element elementor-element-f6a9742 e-con-full e-flex e-con e-child\" data-id=\"f6a9742\" data-element_type=\"container\" data-e-type=\"container\" data-settings=\"{&quot;background_background&quot;:&quot;slideshow&quot;,&quot;background_slideshow_gallery&quot;:[{&quot;id&quot;:673,&quot;url&quot;:&quot;https:\\\/\\\/havenwoodottawa.ca\\\/wp-content\\\/uploads\\\/2025\\\/10\\\/havenwood_img_026.jpg&quot;},{&quot;id&quot;:674,&quot;url&quot;:&quot;https:\\\/\\\/havenwoodottawa.ca\\\/wp-content\\\/uploads\\\/2025\\\/10\\\/havenwood_img_027.jpg&quot;},{&quot;id&quot;:675,&quot;url&quot;:&quot;https:\\\/\\\/havenwoodottawa.ca\\\/wp-content\\\/uploads\\\/2025\\\/10\\\/havenwood_img_028.jpg&quot;},{&quot;id&quot;:676,&quot;url&quot;:&quot;https:\\\/\\\/havenwoodottawa.ca\\\/wp-content\\\/uploads\\\/2025\\\/10\\\/havenwood_img_029.jpg&quot;},{&quot;id&quot;:677,&quot;url&quot;:&quot;https:\\\/\\\/havenwoodottawa.ca\\\/wp-content\\\/uploads\\\/2025\\\/10\\\/havenwood_img_030.jpg&quot;}],&quot;background_slideshow_slide_duration&quot;:2000,&quot;background_slideshow_slide_transition&quot;:&quot;slide_left&quot;,&quot;background_slideshow_transition_duration&quot;:1000,&quot;background_slideshow_loop&quot;:&quot;yes&quot;,&quot;background_motion_fx_devices&quot;:[&quot;desktop&quot;,&quot;tablet&quot;,&quot;mobile&quot;]}\">\n\t\t\t\t<\/div>\n\t\t<div class=\"elementor-element elementor-element-9af2080 e-con-full e-flex e-con e-child\" data-id=\"9af2080\" data-element_type=\"container\" data-e-type=\"container\">\n\t\t<div class=\"elementor-element elementor-element-e8d7350 e-con-full e-flex e-con e-child\" data-id=\"e8d7350\" data-element_type=\"container\" data-e-type=\"container\">\n\t\t\t\t<div class=\"elementor-element elementor-element-ff01cd1 elementor-widget elementor-widget-heading\" data-id=\"ff01cd1\" data-element_type=\"widget\" data-e-type=\"widget\" data-widget_type=\"heading.default\">\n\t\t\t\t\t<h3 class=\"elementor-heading-title elementor-size-default\">Forfait Clair<\/h3>\t\t\t\t<\/div>\n\t\t\t\t<div class=\"elementor-element elementor-element-d36dcd8 elementor-widget elementor-widget-heading\" data-id=\"d36dcd8\" data-element_type=\"widget\" data-e-type=\"widget\" data-widget_type=\"heading.default\">\n\t\t\t\t\t<p class=\"elementor-heading-title elementor-size-default\">tonalit\u00e9s \u00e9pur\u00e9es et lumineuses<\/p>\t\t\t\t<\/div>\n\t\t\t\t<\/div>\n\t\t\t\t<\/div>\n\t\t\t\t<\/div>\n\t\t<div class=\"elementor-element elementor-element-38f9bc2 e-con-full e-flex elementor-invisible e-con e-child\" data-id=\"38f9bc2\" data-element_type=\"container\" data-e-type=\"container\" data-settings=\"{&quot;animation&quot;:&quot;fadeIn&quot;,&quot;animation_delay&quot;:400,&quot;background_background&quot;:&quot;classic&quot;}\">\n\t\t<div class=\"elementor-element elementor-element-ec35be0 e-con-full e-flex e-con e-child\" data-id=\"ec35be0\" data-element_type=\"container\" data-e-type=\"container\" data-settings=\"{&quot;background_background&quot;:&quot;slideshow&quot;,&quot;background_slideshow_gallery&quot;:[{&quot;id&quot;:679,&quot;url&quot;:&quot;https:\\\/\\\/havenwoodottawa.ca\\\/wp-content\\\/uploads\\\/2025\\\/10\\\/havenwood_img_034.jpg&quot;},{&quot;id&quot;:680,&quot;url&quot;:&quot;https:\\\/\\\/havenwoodottawa.ca\\\/wp-content\\\/uploads\\\/2025\\\/10\\\/havenwood_img_035.jpg&quot;},{&quot;id&quot;:681,&quot;url&quot;:&quot;https:\\\/\\\/havenwoodottawa.ca\\\/wp-content\\\/uploads\\\/2025\\\/10\\\/havenwood_img_036.jpg&quot;},{&quot;id&quot;:682,&quot;url&quot;:&quot;https:\\\/\\\/havenwoodottawa.ca\\\/wp-content\\\/uploads\\\/2025\\\/10\\\/havenwood_img_032.jpg&quot;},{&quot;id&quot;:683,&quot;url&quot;:&quot;https:\\\/\\\/havenwoodottawa.ca\\\/wp-content\\\/uploads\\\/2025\\\/10\\\/havenwood_img_033.jpg&quot;},{&quot;id&quot;:684,&quot;url&quot;:&quot;https:\\\/\\\/havenwoodottawa.ca\\\/wp-content\\\/uploads\\\/2025\\\/10\\\/havenwood_img_031.jpg&quot;}],&quot;background_slideshow_slide_duration&quot;:2000,&quot;background_slideshow_slide_transition&quot;:&quot;slide_left&quot;,&quot;background_slideshow_transition_duration&quot;:1000,&quot;background_slideshow_loop&quot;:&quot;yes&quot;,&quot;background_motion_fx_devices&quot;:[&quot;desktop&quot;,&quot;tablet&quot;,&quot;mobile&quot;]}\">\n\t\t\t\t<\/div>\n\t\t<div class=\"elementor-element elementor-element-0a4dd1b e-con-full e-flex e-con e-child\" data-id=\"0a4dd1b\" data-element_type=\"container\" data-e-type=\"container\">\n\t\t<div class=\"elementor-element elementor-element-f6d8062 e-con-full e-flex e-con e-child\" data-id=\"f6d8062\" data-element_type=\"container\" data-e-type=\"container\">\n\t\t\t\t<div class=\"elementor-element elementor-element-bac0b08 elementor-widget elementor-widget-heading\" data-id=\"bac0b08\" data-element_type=\"widget\" data-e-type=\"widget\" data-widget_type=\"heading.default\">\n\t\t\t\t\t<h3 class=\"elementor-heading-title elementor-size-default\">Forfait Fonc\u00e9<\/h3>\t\t\t\t<\/div>\n\t\t\t\t<div class=\"elementor-element elementor-element-041de69 elementor-widget elementor-widget-heading\" data-id=\"041de69\" data-element_type=\"widget\" data-e-type=\"widget\" data-widget_type=\"heading.default\">\n\t\t\t\t\t<p class=\"elementor-heading-title elementor-size-default\">contrastes riches et audacieux<\/p>\t\t\t\t<\/div>\n\t\t\t\t<\/div>\n\t\t\t\t<\/div>\n\t\t\t\t<\/div>\n\t\t\t\t<\/div>\n\t\t\t\t<div class=\"elementor-element elementor-element-ba25e8d elementor-widget__width-inherit elementor-invisible elementor-widget elementor-widget-text-editor\" data-id=\"ba25e8d\" data-element_type=\"widget\" data-e-type=\"widget\" data-settings=\"{&quot;_animation&quot;:&quot;fadeIn&quot;,&quot;_animation_delay&quot;:400}\" data-widget_type=\"text-editor.default\">\n\t\t\t\t\t\t\t\t\t<p><span style=\"font-weight: 400;\">Chaque concept a \u00e9t\u00e9 \u00e9labor\u00e9 par des designers pour offrir une ambiance r\u00e9solument contemporaine.<\/span><\/p>\t\t\t\t\t\t\t\t<\/div>\n\t\t\t\t<div class=\"elementor-element elementor-element-c45163c elementor-align-center elementor-mobile-align-justify elementor-widget-mobile__width-inherit elementor-invisible elementor-widget elementor-widget-button\" data-id=\"c45163c\" data-element_type=\"widget\" data-e-type=\"widget\" data-settings=\"{&quot;_animation&quot;:&quot;fadeIn&quot;,&quot;_animation_delay&quot;:900}\" data-widget_type=\"button.default\">\n\t\t\t\t\t\t\t\t\t\t<a class=\"elementor-button elementor-button-link elementor-size-sm\" href=\"#tour\">\n\t\t\t\t\t\t<span class=\"elementor-button-content-wrapper\">\n\t\t\t\t\t\t\t\t\t<span class=\"elementor-button-text\">Visites virtuelles<\/span>\n\t\t\t\t\t<\/span>\n\t\t\t\t\t<\/a>\n\t\t\t\t\t\t\t\t<\/div>\n\t\t\t\t\t<\/div>\n\t\t\t\t<\/div>\n\t\t\t\t<\/div>\n\t\t<div class=\"elementor-element elementor-element-3b663b6 e-con-full e-flex e-con e-parent\" data-id=\"3b663b6\" data-element_type=\"container\" data-e-type=\"container\" data-settings=\"{&quot;background_background&quot;:&quot;classic&quot;}\">\n\t\t<div class=\"elementor-element elementor-element-01ce2e3 e-flex e-con-boxed e-con e-child\" data-id=\"01ce2e3\" data-element_type=\"container\" data-e-type=\"container\">\n\t\t\t\t\t<div class=\"e-con-inner\">\n\t\t\t\t<div class=\"elementor-element elementor-element-fa217d8 elementor-align-center elementor-invisible elementor-widget elementor-widget-button\" data-id=\"fa217d8\" data-element_type=\"widget\" data-e-type=\"widget\" data-settings=\"{&quot;_animation&quot;:&quot;fadeIn&quot;}\" data-widget_type=\"button.default\">\n\t\t\t\t\t\t\t\t\t\t<a class=\"elementor-button elementor-size-sm\" role=\"button\">\n\t\t\t\t\t\t<span class=\"elementor-button-content-wrapper\">\n\t\t\t\t\t\t\t\t\t<span class=\"elementor-button-text\">Finitions<\/span>\n\t\t\t\t\t<\/span>\n\t\t\t\t\t<\/a>\n\t\t\t\t\t\t\t\t<\/div>\n\t\t\t\t<div class=\"elementor-element elementor-element-b1b8a89 elementor-widget__width-initial elementor-invisible elementor-widget elementor-widget-heading\" data-id=\"b1b8a89\" data-element_type=\"widget\" data-e-type=\"widget\" data-settings=\"{&quot;_animation&quot;:&quot;fadeIn&quot;,&quot;_animation_delay&quot;:200}\" data-widget_type=\"heading.default\">\n\t\t\t\t\t<h2 class=\"elementor-heading-title elementor-size-default\">Mat\u00e9riaux haut de gamme<\/h2>\t\t\t\t<\/div>\n\t\t\t\t<div class=\"elementor-element elementor-element-ad4c6bc elementor-widget__width-inherit elementor-invisible elementor-widget elementor-widget-text-editor\" data-id=\"ad4c6bc\" data-element_type=\"widget\" data-e-type=\"widget\" data-settings=\"{&quot;_animation&quot;:&quot;fadeIn&quot;,&quot;_animation_delay&quot;:400}\" data-widget_type=\"text-editor.default\">\n\t\t\t\t\t\t\t\t\t<p><span style=\"font-weight: 400;\">Mat\u00e9riaux utilis\u00e9s : quartz durable, bois d\u2019ing\u00e9nierie de qualit\u00e9 sup\u00e9rieure et c\u00e9ramique grand format.<\/span><\/p>\t\t\t\t\t\t\t\t<\/div>\n\t\t<div class=\"elementor-element elementor-element-ce06dfa e-grid e-con-full e-con e-child\" data-id=\"ce06dfa\" data-element_type=\"container\" data-e-type=\"container\">\n\t\t<div class=\"elementor-element elementor-element-7d73283 e-con-full e-flex elementor-invisible e-con e-child\" data-id=\"7d73283\" data-element_type=\"container\" data-e-type=\"container\" data-settings=\"{&quot;animation&quot;:&quot;fadeIn&quot;,&quot;animation_delay&quot;:400,&quot;background_background&quot;:&quot;classic&quot;}\">\n\t\t\t\t<div class=\"elementor-element elementor-element-03930c2 elementor-widget elementor-widget-image\" data-id=\"03930c2\" data-element_type=\"widget\" data-e-type=\"widget\" data-widget_type=\"image.default\">\n\t\t\t\t\t\t\t\t\t\t\t\t\t\t\t<img alt=\"\" fetchpriority=\"high\" decoding=\"async\" width=\"800\" height=\"474\" src=\"https:\/\/havenwoodottawa.ca\/wp-content\/uploads\/2025\/10\/havenwood_finitions_clair.png\" class=\"attachment-large size-large wp-image-668\" alt=\"\" srcset=\"https:\/\/havenwoodottawa.ca\/wp-content\/uploads\/2025\/10\/havenwood_finitions_clair.png 1010w, https:\/\/havenwoodottawa.ca\/wp-content\/uploads\/2025\/10\/havenwood_finitions_clair-300x178.png 300w, https:\/\/havenwoodottawa.ca\/wp-content\/uploads\/2025\/10\/havenwood_finitions_clair-768x455.png 768w\" sizes=\"(max-width: 800px) 100vw, 800px\" \/>\t\t\t\t\t\t\t\t\t\t\t\t\t\t\t<\/div>\n\t\t<div class=\"elementor-element elementor-element-5ecfaea e-con-full e-flex e-con e-child\" data-id=\"5ecfaea\" data-element_type=\"container\" data-e-type=\"container\">\n\t\t\t\t<div class=\"elementor-element elementor-element-cbb8bd0 elementor-widget elementor-widget-heading\" data-id=\"cbb8bd0\" data-element_type=\"widget\" data-e-type=\"widget\" data-widget_type=\"heading.default\">\n\t\t\t\t\t<h3 class=\"elementor-heading-title elementor-size-default\">Forfait Clair<\/h3>\t\t\t\t<\/div>\n\t\t\t\t<\/div>\n\t\t\t\t<\/div>\n\t\t<div class=\"elementor-element elementor-element-1fc602b e-con-full e-flex elementor-invisible e-con e-child\" data-id=\"1fc602b\" data-element_type=\"container\" data-e-type=\"container\" data-settings=\"{&quot;animation&quot;:&quot;fadeIn&quot;,&quot;animation_delay&quot;:400,&quot;background_background&quot;:&quot;classic&quot;}\">\n\t\t\t\t<div class=\"elementor-element elementor-element-784e22f elementor-widget elementor-widget-image\" data-id=\"784e22f\" data-element_type=\"widget\" data-e-type=\"widget\" data-widget_type=\"image.default\">\n\t\t\t\t\t\t\t\t\t\t\t\t\t\t\t<img alt=\"\" decoding=\"async\" width=\"800\" height=\"404\" src=\"https:\/\/havenwoodottawa.ca\/wp-content\/uploads\/2025\/10\/havenwood_finitions_fonce.png\" class=\"attachment-large size-large wp-image-669\" alt=\"\" srcset=\"https:\/\/havenwoodottawa.ca\/wp-content\/uploads\/2025\/10\/havenwood_finitions_fonce.png 992w, https:\/\/havenwoodottawa.ca\/wp-content\/uploads\/2025\/10\/havenwood_finitions_fonce-300x152.png 300w, https:\/\/havenwoodottawa.ca\/wp-content\/uploads\/2025\/10\/havenwood_finitions_fonce-768x388.png 768w\" sizes=\"(max-width: 800px) 100vw, 800px\" \/>\t\t\t\t\t\t\t\t\t\t\t\t\t\t\t<\/div>\n\t\t<div class=\"elementor-element elementor-element-9f5e35f e-con-full e-flex e-con e-child\" data-id=\"9f5e35f\" data-element_type=\"container\" data-e-type=\"container\">\n\t\t\t\t<div class=\"elementor-element elementor-element-91c7f2e elementor-widget elementor-widget-heading\" data-id=\"91c7f2e\" data-element_type=\"widget\" data-e-type=\"widget\" data-widget_type=\"heading.default\">\n\t\t\t\t\t<h3 class=\"elementor-heading-title elementor-size-default\">Forfait Fonc\u00e9<\/h3>\t\t\t\t<\/div>\n\t\t\t\t<\/div>\n\t\t\t\t<\/div>\n\t\t\t\t<\/div>\n\t\t\t\t\t<\/div>\n\t\t\t\t<\/div>\n\t\t\t\t<\/div>\n\t\t<div class=\"elementor-element elementor-element-281ea48 e-con-full e-flex e-con e-parent\" data-id=\"281ea48\" data-element_type=\"container\" data-e-type=\"container\" id=\"tour\" data-settings=\"{&quot;background_background&quot;:&quot;classic&quot;}\">\n\t\t<div class=\"elementor-element elementor-element-3b82d35 e-flex e-con-boxed e-con e-child\" data-id=\"3b82d35\" data-element_type=\"container\" data-e-type=\"container\">\n\t\t\t\t\t<div class=\"e-con-inner\">\n\t\t\t\t<div class=\"elementor-element elementor-element-d9e4339 elementor-align-center elementor-invisible elementor-widget elementor-widget-button\" data-id=\"d9e4339\" data-element_type=\"widget\" data-e-type=\"widget\" data-settings=\"{&quot;_animation&quot;:&quot;fadeIn&quot;}\" data-widget_type=\"button.default\">\n\t\t\t\t\t\t\t\t\t\t<a class=\"elementor-button elementor-size-sm\" role=\"button\">\n\t\t\t\t\t\t<span class=\"elementor-button-content-wrapper\">\n\t\t\t\t\t\t\t\t\t<span class=\"elementor-button-text\">Visite virtuelle<\/span>\n\t\t\t\t\t<\/span>\n\t\t\t\t\t<\/a>\n\t\t\t\t\t\t\t\t<\/div>\n\t\t\t\t<div class=\"elementor-element elementor-element-644b4b0 elementor-widget__width-initial elementor-invisible elementor-widget elementor-widget-heading\" data-id=\"644b4b0\" data-element_type=\"widget\" data-e-type=\"widget\" data-settings=\"{&quot;_animation&quot;:&quot;fadeIn&quot;,&quot;_animation_delay&quot;:200}\" data-widget_type=\"heading.default\">\n\t\t\t\t\t<h2 class=\"elementor-heading-title elementor-size-default\">D\u00e9couvrez l\u2019int\u00e9rieur<\/h2>\t\t\t\t<\/div>\n\t\t\t\t<div class=\"elementor-element elementor-element-875d18e elementor-widget elementor-widget-html\" data-id=\"875d18e\" data-element_type=\"widget\" data-e-type=\"widget\" data-widget_type=\"html.default\">\n\t\t\t\t\t<iframe\n  src=\"https:\/\/havenwoodottawa.ca\/virtual-tour\/index.htm\"\n  width=\"100%\"\n  height=\"720\"\n  style=\"border:0; aspect-ratio: 16\/9; width:100%;\"\n  loading=\"lazy\"\n  allow=\"fullscreen; xr-spatial-tracking; gyroscope; accelerometer\"\n  allowfullscreen\n><\/iframe>\t\t\t\t<\/div>\n\t\t\t\t\t<\/div>\n\t\t\t\t<\/div>\n\t\t\t\t<\/div>\n\t\t\t\t<\/div>\n\t\t","protected":false},"excerpt":{"rendered":"<p>Accueil Forfaits Nos deux options Vous avez le choix entre deux palettes exclusives con\u00e7ues pour un style de vie moderne et sophistiqu\u00e9 : Forfait Clair tonalit\u00e9s \u00e9pur\u00e9es et lumineuses Forfait Fonc\u00e9 contrastes riches et audacieux Chaque concept a \u00e9t\u00e9 \u00e9labor\u00e9 par des designers pour offrir une ambiance r\u00e9solument contemporaine. Visites virtuelles Finitions Mat\u00e9riaux haut de [&hellip;]<\/p>\n","protected":false},"author":1,"featured_media":0,"parent":0,"menu_order":0,"comment_status":"closed","ping_status":"closed","template":"","meta":{"_seopress_robots_primary_cat":"","_seopress_titles_title":"Finitions int\u00e9rieures Havenwood \u2013 Forfaits Clair & Fonc\u00e9","_seopress_titles_desc":"D\u00e9couvrez nos deux palettes de couleurs raffin\u00e9es, nos mat\u00e9riaux durables et faites une visite virtuelle.","_seopress_robots_index":"","footnotes":""},"class_list":["post-74","page","type-page","status-publish","hentry"],"_links":{"self":[{"href":"https:\/\/havenwoodottawa.ca\/fr\/wp-json\/wp\/v2\/pages\/74","targetHints":{"allow":["GET"]}}],"collection":[{"href":"https:\/\/havenwoodottawa.ca\/fr\/wp-json\/wp\/v2\/pages"}],"about":[{"href":"https:\/\/havenwoodottawa.ca\/fr\/wp-json\/wp\/v2\/types\/page"}],"author":[{"embeddable":true,"href":"https:\/\/havenwoodottawa.ca\/fr\/wp-json\/wp\/v2\/users\/1"}],"replies":[{"embeddable":true,"href":"https:\/\/havenwoodottawa.ca\/fr\/wp-json\/wp\/v2\/comments?post=74"}],"version-history":[{"count":1,"href":"https:\/\/havenwoodottawa.ca\/fr\/wp-json\/wp\/v2\/pages\/74\/revisions"}],"predecessor-version":[{"id":903,"href":"https:\/\/havenwoodottawa.ca\/fr\/wp-json\/wp\/v2\/pages\/74\/revisions\/903"}],"wp:attachment":[{"href":"https:\/\/havenwoodottawa.ca\/fr\/wp-json\/wp\/v2\/media?parent=74"}],"curies":[{"name":"wp","href":"https:\/\/api.w.org\/{rel}","templated":true}]}}